{"id":2,"date":"2015-01-31T06:32:17","date_gmt":"2015-01-31T06:32:17","guid":{"rendered":"http:\/\/cip.md\/vioricacarare\/?page_id=2"},"modified":"2021-11-29T12:53:49","modified_gmt":"2021-11-29T12:53:49","slug":"sample-page","status":"publish","type":"page","link":"https:\/\/www.vioricacarare.md\/ro_RO\/sample-page\/","title":{"rendered":"Despre"},"content":{"rendered":"<p><strong>Studii de baz\u0103:<\/strong><\/p>\n<p>2017 Doctor \u00een drept Universitatea \u201cLucian Blaga\u201d din Sibiu<\/p>\n<p>2016 Licen\u021biat\u0103 \u00een drept Universitatea de Studii Europene din Moldova<\/p>\n<p>2003 \u2013 Profesor Universitar<br \/> 2001 \u2013 Academia de Studii Economice din Republica Moldova, Doctor Habilitat \u00een \u0218tiin\u021be Economice 1989-1988 Academia de Studii Economice din Republica Moldova, Doctor \u00een \u0218tiin\u021be Economice<br \/> 1983-1988 Universitatea de Stat din Republica Moldova , economist, specializarea planificarea industriei<br \/> <strong>Activitate profesional\u0103:<\/strong><\/p>\n<p>2019-Prezent Pre\u015fedintele Biroului Asociat de Avocati \u201dCarare Viorica &amp; Partners\u201d<br \/> 2012-2018 Pre\u015fedintele Consiliului Concuren\u0163ei al Republicii Moldova<br \/> 2007-2012 Director General Pre\u015fedinte al Consiliului Administrativ, Agen\u0163ia Na\u0163ional\u0103 pentru Protec\u0163ia Concuren\u0163ei<br \/> 2006-2007 Director General al Institutului Na\u0163ional de Economie, Finan\u0163e \u015fi Statistic\u0103<br \/> 1992-2006 a activat pe parcursul anilor \u00eencep\u00e2nd cu func\u021bia de Lector superior, \u0218ef Catedr\u0103 \u0219i Prodecan \u00een cadrul Academiei de Studii Economice din Republica Moldova<br \/> 1988-1990 Economist \u00een sec\u0163ia plan-salarizare, Universitatea de Stat din Republica Moldova<\/p>\n<p><strong>Activitate didactic\u0103 pe plan interna\u021bional &#8211; puncte de reper:<\/strong><br \/> 2003-2007 &#8211; Universitatea \u201e Al. I. Cuza\u201d, Ia\u0219i, Rom\u00e2nia, cursul \u201e Metode Statistice de studiere a pie\u021bei.\u201d<br \/> 1999-2007 &#8211; Universitatea \u201eLucian Blaga\u201d, Sibiu, Rom\u00e2nia,unde a predat cursurile \u201eManagement \u00een comer\u021b, turism, servicii \u0219i Economia \u00eentreprinderii.\u201d<br \/> 2001 &#8211; Universitatea Pierre-Mendes France, Grenoble, Fran\u021ba, a predat ore de economie \u00een tranzi\u021bie.<\/p>\n<p><strong>Participarea \u00een cadrul cercet\u0103rilor \u0219tiin\u021bifice de profil \u015fi proiectelor europene:<\/strong><br \/> 1998 p\u00een\u0103 \u00een prezent conduc\u0103tor \u015ftiin\u0163ific a 6 teze de Doctor \u00een economie \u015fi \u00een 2013- o tez\u0103 de Doctor Habilitat cu tema \u201cImpactul ajutorului de stat asupra mediului concuren\u0163ial \u00een contextul integr\u0103rii economice a Republicii Moldova \u00een Uniunea European\u0103\u201d (Dl Ion Maxim,Membru al Plenului Consiliului Concuren\u0163ei)<br \/> 2010 &#8211; Liderul proiectului de Twinnig ,, Sprijin pentru implementarea \u015fi respectarea politicii \u00een domeniul concuren\u0163ei \u015fi ajutorului de stat \u00een Republica Moldova \u201d din partea Republicii Moldova<br \/> 2006-2010 Coordonator \u015ftiin\u0163ific a proiectului de cercetare fundamental\u0103 ,, Elaborarea de instrumente analitice a sistemului financiar-monetar asupra economiei reale ,,<br \/> 2006- Coordonator din partea Republicii Moldova al proiectului comun cu Comperio \u2013Letonia ,, Support to planning sustainable economic development of Moldova,, sus\u0163inut de Ministerul Afacerilor Externe al Letoniei. Efectuarea Vizitei de studiu \u00een Riga, \u00een perioada 7-14 Octombrie 2006<br \/> 2006- Coordonatorul proiectului ,, Elaborarea \u015fi editarea buletinului analitic trimestrial ,, l-a edi\u0163ie, al Institutului de Economie, Finan\u0163e \u015fi Statistic\u0103 cu sus\u0163inerea financiar\u0103 a Funda\u0163iei Soros \u2013 Moldova<br \/> 2006-Coordonator \u015ftiin\u0163ific al proiectului de cercetare fundamental\u0103 ,, Implica\u0163iile integr\u0103rii Republicii Moldova \u00een Pia\u0163a Unic\u0103 a Uniunii Europene ,, \u00een cadrul cercet\u0103rii ini\u0163iale la comanda de stat cu tema ,, Elaborarea sistemului de m\u0103suri de relansare a economiei na\u0163ionale \u015fi prognozarea cre\u015fterii economice ,,<br \/> 1995 \u2013 2001Coordonatorul programului na\u0163ional ,, SPRITE \u2013 MOLDOVA,, : (Social Policy Reform In Transition Economies) al B\u0103ncii Mondiale.<br \/> 1998-1999 Expert, proiectul TACIS ,, Industrial Policy and Entreprise Restucuring in transition Economy ,,<br \/> 1995 Expert in proiectul ,, Lansarea propriei afaceri de antreprenoriat ,, Funda\u0163ia Eurasia; prezentarea cursului : ,, Tendin\u0163ele macroeconomice \u00een dezvoltarea \u0163\u0103rii ,,<br \/> 1995 Expert, proiectul TACIS : ,, Tendin\u0163ele socio-economice \u00een Moldova ,,<br \/> 1994-1995 Expert, proiectul TACIS : ,, Perfec\u0163ionarea sistemului de pensionare \u00een Moldova,,<\/p>\n<p><strong>Publica\u021bii recente:<\/strong><br \/> \u201cPromoting pro- competitive reforms that Foster Growth and Reduce Inequality\u201d Biannual OECD-GVHH RCC Newsletter, Issue No.5, July 2015\/ http:\/\/www.oecd.org\/daf\/competition\/hungarycentrenewsletter.htm<\/p>\n<p>CV complet\u00a0<a href=\"http:\/\/www.vioricacarare.md\/wp-admin\/post.php?post=2&amp;action=edit\">aici<\/a>.<\/p>\n","protected":false},"excerpt":{"rendered":"<p><strong>Studii de baz\u0103:<\/strong><\/p>\n<p>2017 Doctor \u00een drept Universitatea \u201cLucian Blaga\u201d din Sibiu<\/p>\n<p>2016 Licen\u021biat\u0103 \u00een drept Universitatea de Studii Europene din Moldova<\/p>\n<p>2003 \u2013 Profesor Universitar<br \/> 2001 \u2013 Academia de Studii Econom&#8230;<\/p>\n","protected":false},"author":1,"featured_media":0,"parent":0,"menu_order":1,"comment_status":"open","ping_status":"open","template":"","meta":[],"_links":{"self":[{"href":"https:\/\/www.vioricacarare.md\/ro_RO\/wp-json\/wp\/v2\/pages\/2"}],"collection":[{"href":"https:\/\/www.vioricacarare.md\/ro_RO\/wp-json\/wp\/v2\/pages"}],"about":[{"href":"https:\/\/www.vioricacarare.md\/ro_RO\/wp-json\/wp\/v2\/types\/page"}],"author":[{"embeddable":true,"href":"https:\/\/www.vioricacarare.md\/ro_RO\/wp-json\/wp\/v2\/users\/1"}],"replies":[{"embeddable":true,"href":"https:\/\/www.vioricacarare.md\/ro_RO\/wp-json\/wp\/v2\/comments?post=2"}],"version-history":[{"count":21,"href":"https:\/\/www.vioricacarare.md\/ro_RO\/wp-json\/wp\/v2\/pages\/2\/revisions"}],"predecessor-version":[{"id":694,"href":"https:\/\/www.vioricacarare.md\/ro_RO\/wp-json\/wp\/v2\/pages\/2\/revisions\/694"}],"wp:attachment":[{"href":"https:\/\/www.vioricacarare.md\/ro_RO\/wp-json\/wp\/v2\/media?parent=2"}],"curies":[{"name":"wp","href":"https:\/\/api.w.org\/{rel}","templated":true}]}}